{"id":2569,"date":"2020-04-28T10:21:15","date_gmt":"2020-04-28T08:21:15","guid":{"rendered":"https:\/\/grenland-havn.no\/heroya-terminal\/"},"modified":"2025-08-01T12:45:53","modified_gmt":"2025-08-01T10:45:53","slug":"heroya-terminal","status":"publish","type":"page","link":"https:\/\/grenland-havn.no\/en\/our-terminals\/heroya-terminal\/","title":{"rendered":"Her\u00f8ya Terminal"},"content":{"rendered":"<div class=\"wpb-content-wrapper\"><p>[vc_section][vc_row column_padding=&#8221;2&#8243;][vc_column][vc_row_inner][vc_column_inner][vc_custom_heading source=&#8221;post_title&#8221; font_container=&#8221;tag:h1|text_align:left&#8221; use_theme_fonts=&#8221;yes&#8221;][vc_column_text css=&#8221;.vc_custom_1754044638598{margin-bottom: 0px !important;}&#8221;]Her\u00f8ya Terminal is centrally located within Her\u00f8ya Industrial Park in Porsgrunn, one of Norway\u2019s leading industrial clusters.<\/p>\n<p>The terminal includes three quays: Deepwater Quay, Crane Quay and Tinfos Quay \u2013 all serving the logistical needs of nearby industrial operations.[\/vc_column_text][mk_padding_divider size=&#8221;32&#8243;][vc_column_text css=&#8221;.vc_custom_1754044615024{margin-bottom: 0px !important;}&#8221;]<\/p>\n<h3>Deepwater Quay<\/h3>\n<p data-start=\"137\" data-end=\"335\">With a quay length of 175 metres and a depth of 9.7 metres, this is the main terminal for receiving raw materials for Yara Norway. Yara is also responsible for day-to-day operations at the facility.<\/p>\n<p data-start=\"337\" data-end=\"450\">The quay has an adjacent outdoor area of approximately 20,000 m\u00b2, used by Eramet Norway for raw material storage.<\/p>\n<p>[\/vc_column_text][mk_padding_divider size=&#8221;32&#8243;][vc_column_text css=&#8221;.vc_custom_1754044780102{margin-bottom: 0px !important;}&#8221;]<\/p>\n<h3>Crane Quay<\/h3>\n<p>With a quay length of 230 metres and a depth of 6.7 metres, Port of Grenland&#8217;s Crane Quay is used by Eramet Norway for receiving raw materials and supporting the production of manganese alloys. The quay also includes 1,750 m\u00b2 of indoor storage capacity.[\/vc_column_text][mk_padding_divider size=&#8221;32&#8243;][vc_column_text css=&#8221;.vc_custom_1754044813110{margin-bottom: 0px !important;}&#8221;]<\/p>\n<h3>Tinfos Quay<\/h3>\n<p>Tinfos Quay is 150 metres long and 6.7 metres deep, and currently serves as Port of Grenland\u2019s main terminal for timber exports.<\/p>\n<p><strong>Crane Quay and Tinfos Quay share an outdoor area of approximately 10,000 m\u00b2, used for cargo handling and temporary storage.<\/strong>[\/vc_column_text][mk_padding_divider size=&#8221;20&#8243;][vc_column_text css=&#8221;.vc_custom_1754044904506{margin-bottom: 0px !important;}&#8221;]<\/p>\n<h3>Waste management<\/h3>\n<p data-start=\"162\" data-end=\"384\">At Deepwater Quay and Tinfos Qay Port of Grenland provides waste reception facilities with containers for small volumes of hazardous waste, residual waste, and paper. The facilities are scaled to local needs and adjusted to the number of vessels at berth.<\/p>\n<p data-start=\"386\" data-end=\"466\">All vessels must register waste deliveries in advance via <strong data-start=\"444\" data-end=\"465\">SafeSeaNet Norway<\/strong>.<\/p>\n<p data-start=\"468\" data-end=\"652\">For larger volumes \u2013 including oil waste, sewage or greywater \u2013 services must be arranged through a shipping agent or directly with <strong data-start=\"600\" data-end=\"630\">Norsk Gjenvinning Industri<\/strong>, tel. +47 987 09 700.<\/p>\n<p><strong>Here is\u00a0<a href=\"https:\/\/grenland-havn.no\/wp-content\/uploads\/2024\/09\/Skips-Avfall-info-TF-2024.pdf\">our document on the handling of ship-generated waste at Tinfos Quay<\/a>.<\/strong><\/p>\n<p><strong>Here is\u00a0<a href=\"https:\/\/grenland-havn.no\/wp-content\/uploads\/2024\/09\/Skips-Avfall-info-DVK-2024.pdf\">our document on the handling of ship-generated waste at Deep-Water Quay<\/a>.<\/strong>[\/vc_column_text][mk_padding_divider size=&#8221;20&#8243;][vc_column_text css=&#8221;.vc_custom_1754044957211{margin-bottom: 0px !important;}&#8221;]<\/p>\n<h3>Noise<\/h3>\n<p>We work continuously to reduce noise from our operations, and all vessels and operators are expected to follow local noise regulations.<\/p>\n<p>If you wish to file a noise complaint, please email us or complete the <a href=\"https:\/\/grenland-havn.no\/rapportere-stoy\/\">following form<\/a> (in Norwegian only).[\/vc_column_text][mk_padding_divider size=&#8221;20&#8243;][vc_column_text css=&#8221;.vc_custom_1754045002185{margin-bottom: 0px !important;}&#8221;]<\/p>\n<h3>Opening hours<\/h3>\n<p>Her\u00f8ya Terminal is open daily from 06:00 to 23:00.[\/vc_column_text][\/vc_column_inner][\/vc_row_inner][vc_row_inner][vc_column_inner][mk_padding_divider size=&#8221;30&#8243;][\/vc_column_inner][\/vc_row_inner][\/vc_column][\/vc_row][\/vc_section]<\/p>\n<\/div>","protected":false},"excerpt":{"rendered":"<p>[vc_section][vc_row column_padding=&#8221;2&#8243;][vc_column][vc_row_inner][vc_column_inner][vc_custom_heading source=&#8221;post_title&#8221; font_container=&#8221;tag:h1|text_align:left&#8221; use_theme_fonts=&#8221;yes&#8221;][vc_column_text css=&#8221;.vc_custom_1754044638598{margin-bottom: 0px !important;}&#8221;]Her\u00f8ya Terminal is centrally located within Her\u00f8ya Industrial Park in Porsgrunn, one of Norway\u2019s leading industrial clusters. The terminal includes three quays: Deepwater Quay, Crane Quay and Tinfos Quay \u2013 all serving the logistical needs of nearby industrial operations.[\/vc_column_text][mk_padding_divider size=&#8221;32&#8243;][vc_column_text css=&#8221;.vc_custom_1754044615024{margin-bottom: 0px !important;}&#8221;] Deepwater Quay With a quay [&hellip;]<\/p>\n","protected":false},"author":1,"featured_media":2328,"parent":2574,"menu_order":34,"comment_status":"closed","ping_status":"closed","template":"","meta":{"_acf_changed":false,"footnotes":""},"class_list":["post-2569","page","type-page","status-publish","has-post-thumbnail","hentry"],"acf":[],"yoast_head":"<!-- This site is optimized with the Yoast SEO plugin v26.8 - https:\/\/yoast.com\/product\/yoast-seo-wordpress\/ -->\n<title>Her\u00f8ya Terminal - Grenland havn<\/title>\n<meta name=\"description\" content=\"Terminalen er en sentral del av industriomr\u00e5det Her\u00f8ya i Porsgrunn og best\u00e5r av Krankaia, Tinfoskaia og Dypvannskaia med kort vei til Skien Havneterminal\" \/>\n<meta name=\"robots\" content=\"index, follow, max-snippet:-1, max-image-preview:large, max-video-preview:-1\" \/>\n<link rel=\"canonical\" href=\"https:\/\/grenland-havn.no\/en\/our-terminals\/heroya-terminal\/\" \/>\n<meta property=\"og:locale\" content=\"en_US\" \/>\n<meta property=\"og:type\" content=\"article\" \/>\n<meta property=\"og:title\" content=\"Her\u00f8ya Terminal - Grenland havn\" \/>\n<meta property=\"og:description\" content=\"Terminalen er en sentral del av industriomr\u00e5det Her\u00f8ya i Porsgrunn og best\u00e5r av Krankaia, Tinfoskaia og Dypvannskaia med kort vei til Skien Havneterminal\" \/>\n<meta property=\"og:url\" content=\"https:\/\/grenland-havn.no\/en\/our-terminals\/heroya-terminal\/\" \/>\n<meta property=\"og:site_name\" content=\"Grenland havn\" \/>\n<meta property=\"article:modified_time\" content=\"2025-08-01T10:45:53+00:00\" \/>\n<meta property=\"og:image\" content=\"https:\/\/grenland-havn.no\/wp-content\/uploads\/2020\/05\/Grenland-Havn-Dypvannskaia-her\u00f8ya.jpg\" \/>\n\t<meta property=\"og:image:width\" content=\"1742\" \/>\n\t<meta property=\"og:image:height\" content=\"704\" \/>\n\t<meta property=\"og:image:type\" content=\"image\/jpeg\" \/>\n<meta name=\"twitter:card\" content=\"summary_large_image\" \/>\n<meta name=\"twitter:label1\" content=\"Est. reading time\" \/>\n\t<meta name=\"twitter:data1\" content=\"3 minutes\" \/>\n<script type=\"application\/ld+json\" class=\"yoast-schema-graph\">{\"@context\":\"https:\/\/schema.org\",\"@graph\":[{\"@type\":\"WebPage\",\"@id\":\"https:\/\/grenland-havn.no\/en\/our-terminals\/heroya-terminal\/\",\"url\":\"https:\/\/grenland-havn.no\/en\/our-terminals\/heroya-terminal\/\",\"name\":\"Her\u00f8ya Terminal - Grenland havn\",\"isPartOf\":{\"@id\":\"https:\/\/grenland-havn.no\/#website\"},\"primaryImageOfPage\":{\"@id\":\"https:\/\/grenland-havn.no\/en\/our-terminals\/heroya-terminal\/#primaryimage\"},\"image\":{\"@id\":\"https:\/\/grenland-havn.no\/en\/our-terminals\/heroya-terminal\/#primaryimage\"},\"thumbnailUrl\":\"https:\/\/grenland-havn.no\/wp-content\/uploads\/2020\/05\/Grenland-Havn-Dypvannskaia-her\u00f8ya.jpg\",\"datePublished\":\"2020-04-28T08:21:15+00:00\",\"dateModified\":\"2025-08-01T10:45:53+00:00\",\"description\":\"Terminalen er en sentral del av industriomr\u00e5det Her\u00f8ya i Porsgrunn og best\u00e5r av Krankaia, Tinfoskaia og Dypvannskaia med kort vei til Skien Havneterminal\",\"breadcrumb\":{\"@id\":\"https:\/\/grenland-havn.no\/en\/our-terminals\/heroya-terminal\/#breadcrumb\"},\"inLanguage\":\"en-US\",\"potentialAction\":[{\"@type\":\"ReadAction\",\"target\":[\"https:\/\/grenland-havn.no\/en\/our-terminals\/heroya-terminal\/\"]}]},{\"@type\":\"ImageObject\",\"inLanguage\":\"en-US\",\"@id\":\"https:\/\/grenland-havn.no\/en\/our-terminals\/heroya-terminal\/#primaryimage\",\"url\":\"https:\/\/grenland-havn.no\/wp-content\/uploads\/2020\/05\/Grenland-Havn-Dypvannskaia-her\u00f8ya.jpg\",\"contentUrl\":\"https:\/\/grenland-havn.no\/wp-content\/uploads\/2020\/05\/Grenland-Havn-Dypvannskaia-her\u00f8ya.jpg\",\"width\":1742,\"height\":704},{\"@type\":\"BreadcrumbList\",\"@id\":\"https:\/\/grenland-havn.no\/en\/our-terminals\/heroya-terminal\/#breadcrumb\",\"itemListElement\":[{\"@type\":\"ListItem\",\"position\":1,\"name\":\"Hjem\",\"item\":\"https:\/\/grenland-havn.no\/en\/\"},{\"@type\":\"ListItem\",\"position\":2,\"name\":\"Our terminals\",\"item\":\"https:\/\/grenland-havn.no\/en\/our-terminals\/\"},{\"@type\":\"ListItem\",\"position\":3,\"name\":\"Her\u00f8ya Terminal\"}]},{\"@type\":\"WebSite\",\"@id\":\"https:\/\/grenland-havn.no\/#website\",\"url\":\"https:\/\/grenland-havn.no\/\",\"name\":\"Grenland havn\",\"description\":\"\",\"potentialAction\":[{\"@type\":\"SearchAction\",\"target\":{\"@type\":\"EntryPoint\",\"urlTemplate\":\"https:\/\/grenland-havn.no\/?s={search_term_string}\"},\"query-input\":{\"@type\":\"PropertyValueSpecification\",\"valueRequired\":true,\"valueName\":\"search_term_string\"}}],\"inLanguage\":\"en-US\"}]}<\/script>\n<!-- \/ Yoast SEO plugin. -->","yoast_head_json":{"title":"Her\u00f8ya Terminal - Grenland havn","description":"Terminalen er en sentral del av industriomr\u00e5det Her\u00f8ya i Porsgrunn og best\u00e5r av Krankaia, Tinfoskaia og Dypvannskaia med kort vei til Skien Havneterminal","robots":{"index":"index","follow":"follow","max-snippet":"max-snippet:-1","max-image-preview":"max-image-preview:large","max-video-preview":"max-video-preview:-1"},"canonical":"https:\/\/grenland-havn.no\/en\/our-terminals\/heroya-terminal\/","og_locale":"en_US","og_type":"article","og_title":"Her\u00f8ya Terminal - Grenland havn","og_description":"Terminalen er en sentral del av industriomr\u00e5det Her\u00f8ya i Porsgrunn og best\u00e5r av Krankaia, Tinfoskaia og Dypvannskaia med kort vei til Skien Havneterminal","og_url":"https:\/\/grenland-havn.no\/en\/our-terminals\/heroya-terminal\/","og_site_name":"Grenland havn","article_modified_time":"2025-08-01T10:45:53+00:00","og_image":[{"width":1742,"height":704,"url":"https:\/\/grenland-havn.no\/wp-content\/uploads\/2020\/05\/Grenland-Havn-Dypvannskaia-her\u00f8ya.jpg","type":"image\/jpeg"}],"twitter_card":"summary_large_image","twitter_misc":{"Est. reading time":"3 minutes"},"schema":{"@context":"https:\/\/schema.org","@graph":[{"@type":"WebPage","@id":"https:\/\/grenland-havn.no\/en\/our-terminals\/heroya-terminal\/","url":"https:\/\/grenland-havn.no\/en\/our-terminals\/heroya-terminal\/","name":"Her\u00f8ya Terminal - Grenland havn","isPartOf":{"@id":"https:\/\/grenland-havn.no\/#website"},"primaryImageOfPage":{"@id":"https:\/\/grenland-havn.no\/en\/our-terminals\/heroya-terminal\/#primaryimage"},"image":{"@id":"https:\/\/grenland-havn.no\/en\/our-terminals\/heroya-terminal\/#primaryimage"},"thumbnailUrl":"https:\/\/grenland-havn.no\/wp-content\/uploads\/2020\/05\/Grenland-Havn-Dypvannskaia-her\u00f8ya.jpg","datePublished":"2020-04-28T08:21:15+00:00","dateModified":"2025-08-01T10:45:53+00:00","description":"Terminalen er en sentral del av industriomr\u00e5det Her\u00f8ya i Porsgrunn og best\u00e5r av Krankaia, Tinfoskaia og Dypvannskaia med kort vei til Skien Havneterminal","breadcrumb":{"@id":"https:\/\/grenland-havn.no\/en\/our-terminals\/heroya-terminal\/#breadcrumb"},"inLanguage":"en-US","potentialAction":[{"@type":"ReadAction","target":["https:\/\/grenland-havn.no\/en\/our-terminals\/heroya-terminal\/"]}]},{"@type":"ImageObject","inLanguage":"en-US","@id":"https:\/\/grenland-havn.no\/en\/our-terminals\/heroya-terminal\/#primaryimage","url":"https:\/\/grenland-havn.no\/wp-content\/uploads\/2020\/05\/Grenland-Havn-Dypvannskaia-her\u00f8ya.jpg","contentUrl":"https:\/\/grenland-havn.no\/wp-content\/uploads\/2020\/05\/Grenland-Havn-Dypvannskaia-her\u00f8ya.jpg","width":1742,"height":704},{"@type":"BreadcrumbList","@id":"https:\/\/grenland-havn.no\/en\/our-terminals\/heroya-terminal\/#breadcrumb","itemListElement":[{"@type":"ListItem","position":1,"name":"Hjem","item":"https:\/\/grenland-havn.no\/en\/"},{"@type":"ListItem","position":2,"name":"Our terminals","item":"https:\/\/grenland-havn.no\/en\/our-terminals\/"},{"@type":"ListItem","position":3,"name":"Her\u00f8ya Terminal"}]},{"@type":"WebSite","@id":"https:\/\/grenland-havn.no\/#website","url":"https:\/\/grenland-havn.no\/","name":"Grenland havn","description":"","potentialAction":[{"@type":"SearchAction","target":{"@type":"EntryPoint","urlTemplate":"https:\/\/grenland-havn.no\/?s={search_term_string}"},"query-input":{"@type":"PropertyValueSpecification","valueRequired":true,"valueName":"search_term_string"}}],"inLanguage":"en-US"}]}},"_links":{"self":[{"href":"https:\/\/grenland-havn.no\/en\/wp-json\/wp\/v2\/pages\/2569","targetHints":{"allow":["GET"]}}],"collection":[{"href":"https:\/\/grenland-havn.no\/en\/wp-json\/wp\/v2\/pages"}],"about":[{"href":"https:\/\/grenland-havn.no\/en\/wp-json\/wp\/v2\/types\/page"}],"author":[{"embeddable":true,"href":"https:\/\/grenland-havn.no\/en\/wp-json\/wp\/v2\/users\/1"}],"replies":[{"embeddable":true,"href":"https:\/\/grenland-havn.no\/en\/wp-json\/wp\/v2\/comments?post=2569"}],"version-history":[{"count":4,"href":"https:\/\/grenland-havn.no\/en\/wp-json\/wp\/v2\/pages\/2569\/revisions"}],"predecessor-version":[{"id":5899,"href":"https:\/\/grenland-havn.no\/en\/wp-json\/wp\/v2\/pages\/2569\/revisions\/5899"}],"up":[{"embeddable":true,"href":"https:\/\/grenland-havn.no\/en\/wp-json\/wp\/v2\/pages\/2574"}],"wp:featuredmedia":[{"embeddable":true,"href":"https:\/\/grenland-havn.no\/en\/wp-json\/wp\/v2\/media\/2328"}],"wp:attachment":[{"href":"https:\/\/grenland-havn.no\/en\/wp-json\/wp\/v2\/media?parent=2569"}],"curies":[{"name":"wp","href":"https:\/\/api.w.org\/{rel}","templated":true}]}}