{"id":2555,"date":"2020-08-24T11:29:03","date_gmt":"2020-08-24T09:29:03","guid":{"rendered":"https:\/\/grenland-havn.no\/frier-vest\/"},"modified":"2024-08-15T14:26:22","modified_gmt":"2024-08-15T12:26:22","slug":"frier-vest","status":"publish","type":"page","link":"https:\/\/grenland-havn.no\/en\/frier-vest\/","title":{"rendered":"Frier Vest"},"content":{"rendered":"<div class=\"wpb-content-wrapper\"><p>[vc_section][vc_row][vc_column][vc_empty_space][vc_custom_heading source=&#8221;post_title&#8221; font_container=&#8221;tag:h1|text_align:left&#8221; use_theme_fonts=&#8221;yes&#8221;][vc_empty_space height=&#8221;16px&#8221;][vc_column_text css=&#8221;.vc_custom_1600415672192{margin-bottom: 0px !important;}&#8221;]Port of Grenland has a central role in developing an industrial area of up to 9 km2 at Frier Vest, located on the west side of the FrierFjord. The first stage involves an area of approx. 0.4 km2 out of a total of 3.2 km2 regulated industrial area. Development of a further 7 km2 is planned in phase 2. The area is suitable for most types of business activity, but is particularly suitable for companies that require access to electric power and quay capacity.[\/vc_column_text][mk_padding_divider size=&#8221;32&#8243;][vc_column_text css=&#8221;.vc_custom_1598261544864{margin-bottom: 0px !important;}&#8221;]Port of Grenland co-founded the development company Frier Vest AS along with the chemicals company Ineos, and Bamble municipality. Frier Vest lies in an inlet on the west side of the Oslofjord and has good access to infrastructure. Industry is well established in the region and there is great access to a skilled workforce with vocational and academic qualifications. Grenland is particularly well suited to activities that require a lot of space, as it is one of few places along the Oslofjord that offers vast areas of land with direct access to quay facilities for shipping.[\/vc_column_text][mk_padding_divider size=&#8221;32&#8243;][\/vc_column][\/vc_row][vc_row equal_columns=&#8221;true&#8221;][vc_column width=&#8221;1\/3&#8243; el_class=&#8221;lillebildet&#8221; css=&#8221;.vc_custom_1631622181801{background-image: url(https:\/\/grenland-havn.no\/wp-content\/uploads\/2021\/09\/Frier-Vest-og-Torben-Jebsen-scaled.jpg?id=3784) !important;background-position: center !important;background-repeat: no-repeat !important;background-size: cover !important;}&#8221;][\/vc_column][vc_column width=&#8221;2\/3&#8243; el_class=&#8221;storebildet&#8221; css=&#8221;.vc_custom_1593696237738{background-image: url(https:\/\/grenland-havn.no\/wp-content\/uploads\/2020\/06\/Grenland-Havn-N\u00e6ringsutvikling-Frier-vest-utvikling.jpg?id=1181) !important;background-position: center !important;background-repeat: no-repeat !important;background-size: cover !important;}&#8221;][\/vc_column][\/vc_row][vc_row][vc_column width=&#8221;2\/3&#8243;][mk_padding_divider size=&#8221;32&#8243;][vc_column_text css=&#8221;.vc_custom_1598261589044{margin-bottom: 0px !important;}&#8221;]<\/p>\n<h3>Frier is a collaboration<\/h3>\n<p>Port of Grenland contributes to the collaboration by providing quays, business premises and sites to let, and maintaining the fairway. The region\u2019s business cluster comprises both traditional process industry and high-tech companies. Grenland is made up of the Viken administrative region and Telemark &amp; Vestfold county. Big names include ABB, Emerson, Sykehuspartner, the Public Roads Administration, Kongsberg Gruppen, Stena, Equinor, Ineos and Yara. These undertakings are often organised in business parks and have therefore had the opportunity to work with the circular economy over several decades.<\/p>\n<p>Regional Industry collaborates with academic and research institutions. Several of the major industry actors have established their own research centres here \u2013 most recently the SCG\/Norner plastics research centre. The two best-known clusters are SAMS \u2013 which develops systems for sustainable transport solutions \u2013 and GIC, Green Industry Cluster. Both involve bringing suppliers, customers and research environments together to develop new solutions to create a climate-positive industry cluster on the west side of the Oslofjord.[\/vc_column_text][mk_padding_divider size=&#8221;32&#8243;][\/vc_column][vc_column width=&#8221;1\/3&#8243;][vc_cta h2=&#8221;Contact&#8221; h4=&#8221;<\/p>\n<hr \/>\n<p>&#8221; shape=&#8221;square&#8221; style=&#8221;flat&#8221; color=&#8221;blue&#8221; css=&#8221;&#8221; el_class=&#8221;kontakt-action&#8221;]<strong><a href=\"mailto:hs@grenland-havn.no\">Hege Svendsen<\/a><\/strong><br \/>\nMarketing manager<br \/>\nMobile: +47 976 18 196[\/vc_cta][\/vc_column][\/vc_row][\/vc_section]<\/p>\n<\/div>","protected":false},"excerpt":{"rendered":"<p>[vc_section][vc_row][vc_column][vc_empty_space][vc_custom_heading source=&#8221;post_title&#8221; font_container=&#8221;tag:h1|text_align:left&#8221; use_theme_fonts=&#8221;yes&#8221;][vc_empty_space height=&#8221;16px&#8221;][vc_column_text css=&#8221;.vc_custom_1600415672192{margin-bottom: 0px !important;}&#8221;]Port of Grenland has a central role in developing an industrial area of up to 9 km2 at Frier Vest, located on the west side of the FrierFjord. The first stage involves an area of approx. 0.4 km2 out of a total of 3.2 km2 regulated industrial area. [&hellip;]<\/p>\n","protected":false},"author":1,"featured_media":3789,"parent":0,"menu_order":28,"comment_status":"closed","ping_status":"closed","template":"","meta":{"_acf_changed":false,"footnotes":""},"class_list":["post-2555","page","type-page","status-publish","has-post-thumbnail","hentry"],"acf":[],"yoast_head":"<!-- This site is optimized with the Yoast SEO plugin v26.8 - https:\/\/yoast.com\/product\/yoast-seo-wordpress\/ -->\n<title>N\u00e6ringsutvikling for Frier Vest - Grenland havn<\/title>\n<meta name=\"description\" content=\"Frier Vest er et samarbeidsprosjekt for \u00e5 utvikle et industriomr\u00e5de p\u00e5 inntil ni kvadratkilometer. Omr\u00e5det tilrettelegges for land og sj\u00f8transport.\" \/>\n<meta name=\"robots\" content=\"index, follow, max-snippet:-1, max-image-preview:large, max-video-preview:-1\" \/>\n<link rel=\"canonical\" href=\"https:\/\/grenland-havn.no\/en\/frier-vest\/\" \/>\n<meta property=\"og:locale\" content=\"en_US\" \/>\n<meta property=\"og:type\" content=\"article\" \/>\n<meta property=\"og:title\" content=\"N\u00e6ringsutvikling for Frier Vest - Grenland havn\" \/>\n<meta property=\"og:description\" content=\"Frier Vest er et samarbeidsprosjekt for \u00e5 utvikle et industriomr\u00e5de p\u00e5 inntil ni kvadratkilometer. Omr\u00e5det tilrettelegges for land og sj\u00f8transport.\" \/>\n<meta property=\"og:url\" content=\"https:\/\/grenland-havn.no\/en\/frier-vest\/\" \/>\n<meta property=\"og:site_name\" content=\"Grenland havn\" \/>\n<meta property=\"article:modified_time\" content=\"2024-08-15T12:26:22+00:00\" \/>\n<meta property=\"og:image\" content=\"https:\/\/grenland-havn.no\/wp-content\/uploads\/2021\/09\/Frier-Vest_steinbrudd_skog-scaled.jpg\" \/>\n\t<meta property=\"og:image:width\" content=\"2560\" \/>\n\t<meta property=\"og:image:height\" content=\"1441\" \/>\n\t<meta property=\"og:image:type\" content=\"image\/jpeg\" \/>\n<meta name=\"twitter:card\" content=\"summary_large_image\" \/>\n<meta name=\"twitter:label1\" content=\"Est. reading time\" \/>\n\t<meta name=\"twitter:data1\" content=\"3 minutes\" \/>\n<script type=\"application\/ld+json\" class=\"yoast-schema-graph\">{\"@context\":\"https:\/\/schema.org\",\"@graph\":[{\"@type\":\"WebPage\",\"@id\":\"https:\/\/grenland-havn.no\/en\/frier-vest\/\",\"url\":\"https:\/\/grenland-havn.no\/en\/frier-vest\/\",\"name\":\"N\u00e6ringsutvikling for Frier Vest - Grenland havn\",\"isPartOf\":{\"@id\":\"https:\/\/grenland-havn.no\/#website\"},\"primaryImageOfPage\":{\"@id\":\"https:\/\/grenland-havn.no\/en\/frier-vest\/#primaryimage\"},\"image\":{\"@id\":\"https:\/\/grenland-havn.no\/en\/frier-vest\/#primaryimage\"},\"thumbnailUrl\":\"https:\/\/grenland-havn.no\/wp-content\/uploads\/2021\/09\/Frier-Vest_steinbrudd_skog-scaled.jpg\",\"datePublished\":\"2020-08-24T09:29:03+00:00\",\"dateModified\":\"2024-08-15T12:26:22+00:00\",\"description\":\"Frier Vest er et samarbeidsprosjekt for \u00e5 utvikle et industriomr\u00e5de p\u00e5 inntil ni kvadratkilometer. Omr\u00e5det tilrettelegges for land og sj\u00f8transport.\",\"breadcrumb\":{\"@id\":\"https:\/\/grenland-havn.no\/en\/frier-vest\/#breadcrumb\"},\"inLanguage\":\"en-US\",\"potentialAction\":[{\"@type\":\"ReadAction\",\"target\":[\"https:\/\/grenland-havn.no\/en\/frier-vest\/\"]}]},{\"@type\":\"ImageObject\",\"inLanguage\":\"en-US\",\"@id\":\"https:\/\/grenland-havn.no\/en\/frier-vest\/#primaryimage\",\"url\":\"https:\/\/grenland-havn.no\/wp-content\/uploads\/2021\/09\/Frier-Vest_steinbrudd_skog-scaled.jpg\",\"contentUrl\":\"https:\/\/grenland-havn.no\/wp-content\/uploads\/2021\/09\/Frier-Vest_steinbrudd_skog-scaled.jpg\",\"width\":2560,\"height\":1441,\"caption\":\"Frier Vest Steinbrudd\"},{\"@type\":\"BreadcrumbList\",\"@id\":\"https:\/\/grenland-havn.no\/en\/frier-vest\/#breadcrumb\",\"itemListElement\":[{\"@type\":\"ListItem\",\"position\":1,\"name\":\"Hjem\",\"item\":\"https:\/\/grenland-havn.no\/en\/\"},{\"@type\":\"ListItem\",\"position\":2,\"name\":\"Frier Vest\"}]},{\"@type\":\"WebSite\",\"@id\":\"https:\/\/grenland-havn.no\/#website\",\"url\":\"https:\/\/grenland-havn.no\/\",\"name\":\"Grenland havn\",\"description\":\"\",\"potentialAction\":[{\"@type\":\"SearchAction\",\"target\":{\"@type\":\"EntryPoint\",\"urlTemplate\":\"https:\/\/grenland-havn.no\/?s={search_term_string}\"},\"query-input\":{\"@type\":\"PropertyValueSpecification\",\"valueRequired\":true,\"valueName\":\"search_term_string\"}}],\"inLanguage\":\"en-US\"}]}<\/script>\n<!-- \/ Yoast SEO plugin. -->","yoast_head_json":{"title":"N\u00e6ringsutvikling for Frier Vest - Grenland havn","description":"Frier Vest er et samarbeidsprosjekt for \u00e5 utvikle et industriomr\u00e5de p\u00e5 inntil ni kvadratkilometer. Omr\u00e5det tilrettelegges for land og sj\u00f8transport.","robots":{"index":"index","follow":"follow","max-snippet":"max-snippet:-1","max-image-preview":"max-image-preview:large","max-video-preview":"max-video-preview:-1"},"canonical":"https:\/\/grenland-havn.no\/en\/frier-vest\/","og_locale":"en_US","og_type":"article","og_title":"N\u00e6ringsutvikling for Frier Vest - Grenland havn","og_description":"Frier Vest er et samarbeidsprosjekt for \u00e5 utvikle et industriomr\u00e5de p\u00e5 inntil ni kvadratkilometer. Omr\u00e5det tilrettelegges for land og sj\u00f8transport.","og_url":"https:\/\/grenland-havn.no\/en\/frier-vest\/","og_site_name":"Grenland havn","article_modified_time":"2024-08-15T12:26:22+00:00","og_image":[{"width":2560,"height":1441,"url":"https:\/\/grenland-havn.no\/wp-content\/uploads\/2021\/09\/Frier-Vest_steinbrudd_skog-scaled.jpg","type":"image\/jpeg"}],"twitter_card":"summary_large_image","twitter_misc":{"Est. reading time":"3 minutes"},"schema":{"@context":"https:\/\/schema.org","@graph":[{"@type":"WebPage","@id":"https:\/\/grenland-havn.no\/en\/frier-vest\/","url":"https:\/\/grenland-havn.no\/en\/frier-vest\/","name":"N\u00e6ringsutvikling for Frier Vest - Grenland havn","isPartOf":{"@id":"https:\/\/grenland-havn.no\/#website"},"primaryImageOfPage":{"@id":"https:\/\/grenland-havn.no\/en\/frier-vest\/#primaryimage"},"image":{"@id":"https:\/\/grenland-havn.no\/en\/frier-vest\/#primaryimage"},"thumbnailUrl":"https:\/\/grenland-havn.no\/wp-content\/uploads\/2021\/09\/Frier-Vest_steinbrudd_skog-scaled.jpg","datePublished":"2020-08-24T09:29:03+00:00","dateModified":"2024-08-15T12:26:22+00:00","description":"Frier Vest er et samarbeidsprosjekt for \u00e5 utvikle et industriomr\u00e5de p\u00e5 inntil ni kvadratkilometer. Omr\u00e5det tilrettelegges for land og sj\u00f8transport.","breadcrumb":{"@id":"https:\/\/grenland-havn.no\/en\/frier-vest\/#breadcrumb"},"inLanguage":"en-US","potentialAction":[{"@type":"ReadAction","target":["https:\/\/grenland-havn.no\/en\/frier-vest\/"]}]},{"@type":"ImageObject","inLanguage":"en-US","@id":"https:\/\/grenland-havn.no\/en\/frier-vest\/#primaryimage","url":"https:\/\/grenland-havn.no\/wp-content\/uploads\/2021\/09\/Frier-Vest_steinbrudd_skog-scaled.jpg","contentUrl":"https:\/\/grenland-havn.no\/wp-content\/uploads\/2021\/09\/Frier-Vest_steinbrudd_skog-scaled.jpg","width":2560,"height":1441,"caption":"Frier Vest Steinbrudd"},{"@type":"BreadcrumbList","@id":"https:\/\/grenland-havn.no\/en\/frier-vest\/#breadcrumb","itemListElement":[{"@type":"ListItem","position":1,"name":"Hjem","item":"https:\/\/grenland-havn.no\/en\/"},{"@type":"ListItem","position":2,"name":"Frier Vest"}]},{"@type":"WebSite","@id":"https:\/\/grenland-havn.no\/#website","url":"https:\/\/grenland-havn.no\/","name":"Grenland havn","description":"","potentialAction":[{"@type":"SearchAction","target":{"@type":"EntryPoint","urlTemplate":"https:\/\/grenland-havn.no\/?s={search_term_string}"},"query-input":{"@type":"PropertyValueSpecification","valueRequired":true,"valueName":"search_term_string"}}],"inLanguage":"en-US"}]}},"_links":{"self":[{"href":"https:\/\/grenland-havn.no\/en\/wp-json\/wp\/v2\/pages\/2555","targetHints":{"allow":["GET"]}}],"collection":[{"href":"https:\/\/grenland-havn.no\/en\/wp-json\/wp\/v2\/pages"}],"about":[{"href":"https:\/\/grenland-havn.no\/en\/wp-json\/wp\/v2\/types\/page"}],"author":[{"embeddable":true,"href":"https:\/\/grenland-havn.no\/en\/wp-json\/wp\/v2\/users\/1"}],"replies":[{"embeddable":true,"href":"https:\/\/grenland-havn.no\/en\/wp-json\/wp\/v2\/comments?post=2555"}],"version-history":[{"count":6,"href":"https:\/\/grenland-havn.no\/en\/wp-json\/wp\/v2\/pages\/2555\/revisions"}],"predecessor-version":[{"id":5461,"href":"https:\/\/grenland-havn.no\/en\/wp-json\/wp\/v2\/pages\/2555\/revisions\/5461"}],"wp:featuredmedia":[{"embeddable":true,"href":"https:\/\/grenland-havn.no\/en\/wp-json\/wp\/v2\/media\/3789"}],"wp:attachment":[{"href":"https:\/\/grenland-havn.no\/en\/wp-json\/wp\/v2\/media?parent=2555"}],"curies":[{"name":"wp","href":"https:\/\/api.w.org\/{rel}","templated":true}]}}